{"id":2120,"date":"2025-09-25T19:03:57","date_gmt":"2025-09-25T19:03:57","guid":{"rendered":"https:\/\/expertosenmarketinggolf.com\/?page_id=2120"},"modified":"2025-09-25T19:04:10","modified_gmt":"2025-09-25T19:04:10","slug":"aviso-legal","status":"publish","type":"page","link":"https:\/\/holaincompany.com\/en\/aviso-legal\/","title":{"rendered":"Aviso legal"},"content":{"rendered":"<h3>1. Datos Identificativos del Titular<\/h3>\n<p>En cumplimiento del deber de informaci\u00f3n estipulado en el art\u00edculo 10 de la Ley 34\/2002, de 11 de julio, de Servicios de la Sociedad de la Informaci\u00f3n y del Comercio Electr\u00f3nico (LSSI-CE), se comunican los siguientes datos identificativos del titular de este Sitio Web:<\/p>\n<ul>\n<li><strong>Titular:<\/strong> Carlos Jim\u00e9nez L\u00f3pez<\/li>\n<li><strong>NIF:<\/strong> 30953784Q<\/li>\n<li><strong>Domicilio:<\/strong> Avd. V\u00eda Augusta 7, 17, Puerto Real, C\u00e1diz, Espa\u00f1a<\/li>\n<li><strong>Correo electr\u00f3nico:<\/strong> hola@holaincompany.com<\/li>\n<li><strong>Nombre del dominio:<\/strong> expertosenmarketinggolf.com<\/li>\n<\/ul>\n<h3>2. Objeto y \u00c1mbito de Aplicaci\u00f3n<\/h3>\n<p>Las presentes condiciones generales de uso (en adelante, &#8220;Condiciones&#8221;) regulan el acceso, navegaci\u00f3n y uso del sitio web <strong>expertosenmarketinggolf.com<\/strong> (en adelante, el \u201cSitio Web\u201d), as\u00ed como las responsabilidades derivadas de la utilizaci\u00f3n de sus contenidos (entendiendo por &#8220;contenidos&#8221; los textos, gr\u00e1ficos, dibujos, dise\u00f1os, c\u00f3digos, software, fotograf\u00edas, m\u00fasica, v\u00eddeos, sonidos, bases de datos, im\u00e1genes, expresiones e informaciones, as\u00ed como cualquier otra creaci\u00f3n protegida por las leyes nacionales y los tratados internacionales sobre propiedad intelectual e industrial).<\/p>\n<p>Se entender\u00e1 que el acceso o la mera utilizaci\u00f3n del Sitio Web por parte del Usuario implica la adhesi\u00f3n de \u00e9ste a las Condiciones que el Titular tenga publicadas en cada momento en el que acceda al Sitio Web.<\/p>\n<h3>3. Condiciones de Acceso y Utilizaci\u00f3n del Sitio Web<\/h3>\n<p>El acceso al Sitio Web por parte de los Usuarios tiene car\u00e1cter libre y gratuito. El Usuario se compromete a utilizar el Sitio Web, sus servicios y contenidos de forma diligente, correcta y l\u00edcita, de conformidad con la ley, el presente Aviso Legal, las buenas costumbres y el orden p\u00fablico.<\/p>\n<p>El Usuario se obliga a no utilizar el Sitio Web con fines o efectos il\u00edcitos, prohibidos en el presente texto, lesivos de los derechos e intereses de terceros, o que de cualquier forma puedan da\u00f1ar, inutilizar, sobrecargar, deteriorar o impedir la normal utilizaci\u00f3n del Sitio Web, los equipos inform\u00e1ticos o los documentos, archivos y toda clase de contenidos almacenados en cualquier equipo inform\u00e1tico del Titular.<\/p>\n<h3>4. Propiedad Intelectual e Industrial<\/h3>\n<p>Carlos Jim\u00e9nez L\u00f3pez es titular de todos los derechos de propiedad intelectual e industrial del Sitio Web, as\u00ed como de los elementos contenidos en el mismo (a t\u00edtulo enunciativo, im\u00e1genes, sonido, audio, v\u00eddeo, software o textos; marcas o logotipos, combinaciones de colores, estructura y dise\u00f1o, selecci\u00f3n de materiales usados, etc.).<\/p>\n<p>En virtud de lo dispuesto en la Ley de Propiedad Intelectual, quedan expresamente prohibidas la reproducci\u00f3n, la distribuci\u00f3n y la comunicaci\u00f3n p\u00fablica, incluida su modalidad de puesta a disposici\u00f3n, de la totalidad o parte de los contenidos de este Sitio Web, con fines comerciales, en cualquier soporte y por cualquier medio t\u00e9cnico, sin la autorizaci\u00f3n expresa del Titular. El Usuario se compromete a respetar los derechos de Propiedad Intelectual e Industrial titularidad de Carlos Jim\u00e9nez L\u00f3pez.<\/p>\n<h3>5. Exclusi\u00f3n de Garant\u00edas y Responsabilidad<\/h3>\n<p>El Titular no se hace responsable, en ning\u00fan caso, de los da\u00f1os y perjuicios de cualquier naturaleza que pudieran ocasionar, a t\u00edtulo enunciativo: errores u omisiones en los contenidos, falta de disponibilidad del portal o la transmisi\u00f3n de virus o programas maliciosos o lesivos en los contenidos, a pesar de haber adoptado todas las medidas tecnol\u00f3gicas necesarias para evitarlo.<\/p>\n<h3>6. Modificaciones<\/h3>\n<p>El Titular se reserva el derecho de efectuar sin previo aviso las modificaciones que considere oportunas en su Sitio Web, pudiendo cambiar, suprimir o a\u00f1adir tanto los contenidos y servicios que se presten a trav\u00e9s de la misma como la forma en la que \u00e9stos aparezcan presentados o localizados.<\/p>\n<h3>7. Enlaces<\/h3>\n<p>En el caso de que en el Sitio Web se dispusiesen enlaces o hiperv\u00ednculos hacia otros sitios de Internet, el Titular no ejercer\u00e1 ning\u00fan tipo de control sobre dichos sitios y contenidos. En ning\u00fan caso el Titular asumir\u00e1 responsabilidad alguna por los contenidos de alg\u00fan enlace perteneciente a un sitio web ajeno, ni garantizar\u00e1 la disponibilidad t\u00e9cnica, calidad, fiabilidad, exactitud, amplitud, veracidad, validez y constitucionalidad de cualquier material o informaci\u00f3n contenida en ninguno de dichos hiperv\u00ednculos u otros sitios de Internet.<\/p>\n<h3>8. Derecho de Exclusi\u00f3n<\/h3>\n<p>El Titular se reserva el derecho a denegar o retirar el acceso al Sitio Web y\/o los servicios ofrecidos sin necesidad de preaviso, a instancia propia o de un tercero, a aquellos usuarios que incumplan las presentes Condiciones Generales de Uso.<\/p>\n<h3>9. Legislaci\u00f3n Aplicable y Jurisdicci\u00f3n<\/h3>\n<p>La relaci\u00f3n entre el Titular y el Usuario se regir\u00e1 por la normativa espa\u00f1ola vigente y cualquier controversia se someter\u00e1 a los Juzgados y tribunales de la ciudad de C\u00e1diz, Espa\u00f1a, salvo que la Ley aplicable disponga otra cosa.<\/p>\n","protected":false},"excerpt":{"rendered":"<p>1. Datos Identificativos del Titular En cumplimiento del deber de informaci\u00f3n estipulado en el art\u00edculo 10 de la Ley 34\/2002, de 11 de julio, [&hellip;]<\/p>\n","protected":false},"author":1,"featured_media":0,"parent":0,"menu_order":0,"comment_status":"closed","ping_status":"closed","template":"","meta":{"_acf_changed":false,"footnotes":""},"class_list":["post-2120","page","type-page","status-publish","hentry"],"acf":{"full_width":false,"header_transparent":false},"_links":{"self":[{"href":"https:\/\/holaincompany.com\/en\/wp-json\/wp\/v2\/pages\/2120","targetHints":{"allow":["GET"]}}],"collection":[{"href":"https:\/\/holaincompany.com\/en\/wp-json\/wp\/v2\/pages"}],"about":[{"href":"https:\/\/holaincompany.com\/en\/wp-json\/wp\/v2\/types\/page"}],"author":[{"embeddable":true,"href":"https:\/\/holaincompany.com\/en\/wp-json\/wp\/v2\/users\/1"}],"replies":[{"embeddable":true,"href":"https:\/\/holaincompany.com\/en\/wp-json\/wp\/v2\/comments?post=2120"}],"version-history":[{"count":2,"href":"https:\/\/holaincompany.com\/en\/wp-json\/wp\/v2\/pages\/2120\/revisions"}],"predecessor-version":[{"id":2122,"href":"https:\/\/holaincompany.com\/en\/wp-json\/wp\/v2\/pages\/2120\/revisions\/2122"}],"wp:attachment":[{"href":"https:\/\/holaincompany.com\/en\/wp-json\/wp\/v2\/media?parent=2120"}],"curies":[{"name":"wp","href":"https:\/\/api.w.org\/{rel}","templated":true}]}}