{"id":2124,"date":"2025-09-25T19:09:50","date_gmt":"2025-09-25T19:09:50","guid":{"rendered":"https:\/\/expertosenmarketinggolf.com\/?page_id=2124"},"modified":"2025-09-25T19:10:14","modified_gmt":"2025-09-25T19:10:14","slug":"declaracion-de-accesibilidad","status":"publish","type":"page","link":"https:\/\/holaincompany.com\/en\/declaracion-de-accesibilidad\/","title":{"rendered":"Declaraci\u00f3n de accesibilidad"},"content":{"rendered":"<h2>Declaraci\u00f3n de Accesibilidad<\/h2>\n<p>Carlos Jim\u00e9nez L\u00f3pez se ha comprometido a hacer accesible su sitio web <strong>expertosenmarketinggolf.com<\/strong>, de conformidad con el Real Decreto 1112\/2018, de 7 de septiembre, sobre accesibilidad de los sitios web y aplicaciones para dispositivos m\u00f3viles del sector p\u00fablico (en adelante, Real Decreto 1112\/2018, de 7 de septiembre).<\/p>\n<h3>Situaci\u00f3n de cumplimiento<\/h3>\n<p>Este sitio web es <strong>parcialmente conforme<\/strong> con el Real Decreto 1112\/2018, de 7 de septiembre, debido a la falta de conformidad de los aspectos que se indican a continuaci\u00f3n.<\/p>\n<h3>Contenido no accesible<\/h3>\n<p>El contenido que se recoge a continuaci\u00f3n no es accesible por lo siguiente:<\/p>\n<ul>\n<li><strong>Falta de conformidad con el Real Decreto 1112\/2018, de 7 de septiembre:<\/strong>\n<ul>\n<li>Podr\u00edan existir documentos ofim\u00e1ticos en PDF y otros formatos publicados que no cumplan plenamente todos los requisitos de accesibilidad, aunque se ha procurado que la mayor\u00eda de ellos s\u00ed lo cumplan.<\/li>\n<li>Podr\u00edan existir errores de c\u00f3digo puntuales de edici\u00f3n en alguna p\u00e1gina web, derivados del mantenimiento del sitio.<\/li>\n<li>Algunos elementos visuales o de dise\u00f1o podr\u00edan no tener una alternativa textual adecuada.<\/li>\n<\/ul>\n<\/li>\n<\/ul>\n<p>Nos comprometemos a un proceso de mejora continua para subsanar los posibles fallos de accesibilidad y alcanzar el mayor nivel de conformidad posible.<\/p>\n<h3>Preparaci\u00f3n de la presente declaraci\u00f3n de accesibilidad<\/h3>\n<p>La presente declaraci\u00f3n fue preparada el <strong>25 de septiembre de 2025<\/strong>.<\/p>\n<p>El m\u00e9todo empleado para preparar la declaraci\u00f3n ha sido una autoevaluaci\u00f3n llevada a cabo por el propio titular de la web.<\/p>\n<p>\u00daltima revisi\u00f3n de la declaraci\u00f3n: 25 de septiembre de 2025.<\/p>\n<h3>Observaciones y datos de contacto<\/h3>\n<p>Puede realizar comunicaciones sobre requisitos de accesibilidad (art\u00edculo 10.2.a) del Real Decreto 1112\/2018, de 7 de septiembre) como, por ejemplo:<\/p>\n<ul>\n<li>Informar sobre cualquier posible incumplimiento por parte de este sitio web.<\/li>\n<li>Transmitir otras dificultades de acceso al contenido.<\/li>\n<li>Formular cualquier otra consulta o sugerencia de mejora relativa a la accesibilidad del sitio web.<\/li>\n<\/ul>\n<p>Puede hacerlo a trav\u00e9s de la siguiente v\u00eda de contacto:<\/p>\n<ul>\n<li><strong>Correo electr\u00f3nico:<\/strong> hola@holaincompany.com<\/li>\n<\/ul>\n<p>Las comunicaciones ser\u00e1n recibidas y tratadas por Carlos Jim\u00e9nez L\u00f3pez, como responsable del sitio web.<\/p>\n<h3>Procedimiento de aplicaci\u00f3n<\/h3>\n<p>Si una vez realizada una solicitud de informaci\u00f3n accesible o queja, \u00e9sta hubiera sido desestimada, no se estuviera de acuerdo con la decisi\u00f3n adoptada, o la respuesta no cumpliera los requisitos contemplados en el art\u00edculo 12.5, la persona interesada podr\u00e1 iniciar una reclamaci\u00f3n. Igualmente, se podr\u00e1 iniciar una reclamaci\u00f3n en caso de que haya transcurrido el plazo de veinte d\u00edas h\u00e1biles sin haber obtenido respuesta.<\/p>\n","protected":false},"excerpt":{"rendered":"<p>Declaraci\u00f3n de Accesibilidad Carlos Jim\u00e9nez L\u00f3pez se ha comprometido a hacer accesible su sitio web expertosenmarketinggolf.com, de conformidad con el Real Decreto 1112\/2018, de [&hellip;]<\/p>\n","protected":false},"author":1,"featured_media":0,"parent":0,"menu_order":0,"comment_status":"closed","ping_status":"closed","template":"","meta":{"_acf_changed":false,"footnotes":""},"class_list":["post-2124","page","type-page","status-publish","hentry"],"acf":{"full_width":false,"header_transparent":false},"_links":{"self":[{"href":"https:\/\/holaincompany.com\/en\/wp-json\/wp\/v2\/pages\/2124","targetHints":{"allow":["GET"]}}],"collection":[{"href":"https:\/\/holaincompany.com\/en\/wp-json\/wp\/v2\/pages"}],"about":[{"href":"https:\/\/holaincompany.com\/en\/wp-json\/wp\/v2\/types\/page"}],"author":[{"embeddable":true,"href":"https:\/\/holaincompany.com\/en\/wp-json\/wp\/v2\/users\/1"}],"replies":[{"embeddable":true,"href":"https:\/\/holaincompany.com\/en\/wp-json\/wp\/v2\/comments?post=2124"}],"version-history":[{"count":2,"href":"https:\/\/holaincompany.com\/en\/wp-json\/wp\/v2\/pages\/2124\/revisions"}],"predecessor-version":[{"id":2126,"href":"https:\/\/holaincompany.com\/en\/wp-json\/wp\/v2\/pages\/2124\/revisions\/2126"}],"wp:attachment":[{"href":"https:\/\/holaincompany.com\/en\/wp-json\/wp\/v2\/media?parent=2124"}],"curies":[{"name":"wp","href":"https:\/\/api.w.org\/{rel}","templated":true}]}}